{"id":37,"date":"2022-12-05T09:55:41","date_gmt":"2022-12-05T09:55:41","guid":{"rendered":"https:\/\/www.metravib-engineering.com\/?page_id=37"},"modified":"2025-11-26T13:39:44","modified_gmt":"2025-11-26T13:39:44","slug":"diagnostic-et-solutions","status":"publish","type":"page","link":"https:\/\/www.metravib-engineering.com\/fr\/notre-activite-ingenierie\/diagnostic-et-solutions\/","title":{"rendered":"Diagnostic et solutions"},"content":{"rendered":"","protected":false},"excerpt":{"rendered":"","protected":false},"author":2,"featured_media":0,"parent":16,"menu_order":0,"comment_status":"closed","ping_status":"closed","template":"","meta":{"_acf_changed":false,"content-type":""},"class_list":["post-37","page","type-page","status-publish","hentry"],"acf":[],"yoast_head":"<!-- This site is optimized with the Yoast SEO plugin v27.4 - https:\/\/yoast.com\/product\/yoast-seo-wordpress\/ -->\n<title>Diagnostic et solutions - Metravib Engineering<\/title>\n<meta name=\"description\" content=\"L&#039;\u00e9quipe d&#039;experts de Metravib se rendra sur votre site pour acc\u00e9der aux probl\u00e8mes de NVH afin de vous aider \u00e0 mettre en \u0153uvre des solutions simples et rentables.\" \/>\n<meta name=\"robots\" content=\"index, follow, max-snippet:-1, max-image-preview:large, max-video-preview:-1\" \/>\n<link rel=\"canonical\" href=\"https:\/\/www.metravib-engineering.com\/fr\/notre-activite-ingenierie\/diagnostic-et-solutions\/\" \/>\n<meta property=\"og:locale\" content=\"fr_FR\" \/>\n<meta property=\"og:type\" content=\"article\" \/>\n<meta property=\"og:title\" content=\"Diagnostic et solutions - Metravib Engineering\" \/>\n<meta property=\"og:description\" content=\"L&#039;\u00e9quipe d&#039;experts de Metravib se rendra sur votre site pour acc\u00e9der aux probl\u00e8mes de NVH afin de vous aider \u00e0 mettre en \u0153uvre des solutions simples et rentables.\" \/>\n<meta property=\"og:url\" content=\"https:\/\/www.metravib-engineering.com\/fr\/notre-activite-ingenierie\/diagnostic-et-solutions\/\" \/>\n<meta property=\"og:site_name\" content=\"Metravib Engineering\" \/>\n<meta property=\"article:publisher\" content=\"https:\/\/www.facebook.com\/METRAVIB\/\" \/>\n<meta property=\"article:modified_time\" content=\"2025-11-26T13:39:44+00:00\" \/>\n<meta name=\"twitter:card\" content=\"summary_large_image\" \/>\n<meta name=\"twitter:site\" content=\"@metravib_acoem\" \/>\n<script type=\"application\/ld+json\" class=\"yoast-schema-graph\">{\"@context\":\"https:\\\/\\\/schema.org\",\"@graph\":[{\"@type\":\"WebPage\",\"@id\":\"https:\\\/\\\/www.metravib-engineering.com\\\/fr\\\/notre-activite-ingenierie\\\/diagnostic-et-solutions\\\/\",\"url\":\"https:\\\/\\\/www.metravib-engineering.com\\\/fr\\\/notre-activite-ingenierie\\\/diagnostic-et-solutions\\\/\",\"name\":\"Diagnostic et solutions - Metravib Engineering\",\"isPartOf\":{\"@id\":\"https:\\\/\\\/www.metravib-engineering.com\\\/fr\\\/#website\"},\"datePublished\":\"2022-12-05T09:55:41+00:00\",\"dateModified\":\"2025-11-26T13:39:44+00:00\",\"description\":\"L'\u00e9quipe d'experts de Metravib se rendra sur votre site pour acc\u00e9der aux probl\u00e8mes de NVH afin de vous aider \u00e0 mettre en \u0153uvre des solutions simples et rentables.\",\"breadcrumb\":{\"@id\":\"https:\\\/\\\/www.metravib-engineering.com\\\/fr\\\/notre-activite-ingenierie\\\/diagnostic-et-solutions\\\/#breadcrumb\"},\"inLanguage\":\"fr-FR\",\"potentialAction\":[{\"@type\":\"ReadAction\",\"target\":[\"https:\\\/\\\/www.metravib-engineering.com\\\/fr\\\/notre-activite-ingenierie\\\/diagnostic-et-solutions\\\/\"]}]},{\"@type\":\"BreadcrumbList\",\"@id\":\"https:\\\/\\\/www.metravib-engineering.com\\\/fr\\\/notre-activite-ingenierie\\\/diagnostic-et-solutions\\\/#breadcrumb\",\"itemListElement\":[{\"@type\":\"ListItem\",\"position\":1,\"name\":\"Accueil\",\"item\":\"https:\\\/\\\/www.metravib-engineering.com\\\/fr\\\/\"},{\"@type\":\"ListItem\",\"position\":2,\"name\":\"Notre activit\u00e9 ing\u00e9nierie\",\"item\":\"https:\\\/\\\/www.metravib-engineering.com\\\/fr\\\/notre-activite-ingenierie\\\/\"},{\"@type\":\"ListItem\",\"position\":3,\"name\":\"Diagnostic et solutions\"}]},{\"@type\":\"WebSite\",\"@id\":\"https:\\\/\\\/www.metravib-engineering.com\\\/fr\\\/#website\",\"url\":\"https:\\\/\\\/www.metravib-engineering.com\\\/fr\\\/\",\"name\":\"Metravib Engineering\",\"description\":\"Just another Les sites de ACOEM site\",\"publisher\":{\"@id\":\"https:\\\/\\\/www.metravib-engineering.com\\\/fr\\\/#organization\"},\"potentialAction\":[{\"@type\":\"SearchAction\",\"target\":{\"@type\":\"EntryPoint\",\"urlTemplate\":\"https:\\\/\\\/www.metravib-engineering.com\\\/fr\\\/?s={search_term_string}\"},\"query-input\":{\"@type\":\"PropertyValueSpecification\",\"valueRequired\":true,\"valueName\":\"search_term_string\"}}],\"inLanguage\":\"fr-FR\"},{\"@type\":\"Organization\",\"@id\":\"https:\\\/\\\/www.metravib-engineering.com\\\/fr\\\/#organization\",\"name\":\"Metravib Engineering\",\"url\":\"https:\\\/\\\/www.metravib-engineering.com\\\/fr\\\/\",\"logo\":{\"@type\":\"ImageObject\",\"inLanguage\":\"fr-FR\",\"@id\":\"https:\\\/\\\/www.metravib-engineering.com\\\/fr\\\/#\\\/schema\\\/logo\\\/image\\\/\",\"url\":\"https:\\\/\\\/www.metravib-engineering.com\\\/wp-content\\\/uploads\\\/sites\\\/6\\\/2023\\\/10\\\/MVB-ENG-Logo-2.svg\",\"contentUrl\":\"https:\\\/\\\/www.metravib-engineering.com\\\/wp-content\\\/uploads\\\/sites\\\/6\\\/2023\\\/10\\\/MVB-ENG-Logo-2.svg\",\"width\":300,\"height\":74,\"caption\":\"Metravib Engineering\"},\"image\":{\"@id\":\"https:\\\/\\\/www.metravib-engineering.com\\\/fr\\\/#\\\/schema\\\/logo\\\/image\\\/\"},\"sameAs\":[\"https:\\\/\\\/www.facebook.com\\\/METRAVIB\\\/\",\"https:\\\/\\\/x.com\\\/metravib_acoem\"]}]}<\/script>\n<!-- \/ Yoast SEO plugin. -->","yoast_head_json":{"title":"Diagnostic et solutions - Metravib Engineering","description":"L'\u00e9quipe d'experts de Metravib se rendra sur votre site pour acc\u00e9der aux probl\u00e8mes de NVH afin de vous aider \u00e0 mettre en \u0153uvre des solutions simples et rentables.","robots":{"index":"index","follow":"follow","max-snippet":"max-snippet:-1","max-image-preview":"max-image-preview:large","max-video-preview":"max-video-preview:-1"},"canonical":"https:\/\/www.metravib-engineering.com\/fr\/notre-activite-ingenierie\/diagnostic-et-solutions\/","og_locale":"fr_FR","og_type":"article","og_title":"Diagnostic et solutions - Metravib Engineering","og_description":"L'\u00e9quipe d'experts de Metravib se rendra sur votre site pour acc\u00e9der aux probl\u00e8mes de NVH afin de vous aider \u00e0 mettre en \u0153uvre des solutions simples et rentables.","og_url":"https:\/\/www.metravib-engineering.com\/fr\/notre-activite-ingenierie\/diagnostic-et-solutions\/","og_site_name":"Metravib Engineering","article_publisher":"https:\/\/www.facebook.com\/METRAVIB\/","article_modified_time":"2025-11-26T13:39:44+00:00","twitter_card":"summary_large_image","twitter_site":"@metravib_acoem","schema":{"@context":"https:\/\/schema.org","@graph":[{"@type":"WebPage","@id":"https:\/\/www.metravib-engineering.com\/fr\/notre-activite-ingenierie\/diagnostic-et-solutions\/","url":"https:\/\/www.metravib-engineering.com\/fr\/notre-activite-ingenierie\/diagnostic-et-solutions\/","name":"Diagnostic et solutions - Metravib Engineering","isPartOf":{"@id":"https:\/\/www.metravib-engineering.com\/fr\/#website"},"datePublished":"2022-12-05T09:55:41+00:00","dateModified":"2025-11-26T13:39:44+00:00","description":"L'\u00e9quipe d'experts de Metravib se rendra sur votre site pour acc\u00e9der aux probl\u00e8mes de NVH afin de vous aider \u00e0 mettre en \u0153uvre des solutions simples et rentables.","breadcrumb":{"@id":"https:\/\/www.metravib-engineering.com\/fr\/notre-activite-ingenierie\/diagnostic-et-solutions\/#breadcrumb"},"inLanguage":"fr-FR","potentialAction":[{"@type":"ReadAction","target":["https:\/\/www.metravib-engineering.com\/fr\/notre-activite-ingenierie\/diagnostic-et-solutions\/"]}]},{"@type":"BreadcrumbList","@id":"https:\/\/www.metravib-engineering.com\/fr\/notre-activite-ingenierie\/diagnostic-et-solutions\/#breadcrumb","itemListElement":[{"@type":"ListItem","position":1,"name":"Accueil","item":"https:\/\/www.metravib-engineering.com\/fr\/"},{"@type":"ListItem","position":2,"name":"Notre activit\u00e9 ing\u00e9nierie","item":"https:\/\/www.metravib-engineering.com\/fr\/notre-activite-ingenierie\/"},{"@type":"ListItem","position":3,"name":"Diagnostic et solutions"}]},{"@type":"WebSite","@id":"https:\/\/www.metravib-engineering.com\/fr\/#website","url":"https:\/\/www.metravib-engineering.com\/fr\/","name":"Metravib Engineering","description":"Just another Les sites de ACOEM site","publisher":{"@id":"https:\/\/www.metravib-engineering.com\/fr\/#organization"},"potentialAction":[{"@type":"SearchAction","target":{"@type":"EntryPoint","urlTemplate":"https:\/\/www.metravib-engineering.com\/fr\/?s={search_term_string}"},"query-input":{"@type":"PropertyValueSpecification","valueRequired":true,"valueName":"search_term_string"}}],"inLanguage":"fr-FR"},{"@type":"Organization","@id":"https:\/\/www.metravib-engineering.com\/fr\/#organization","name":"Metravib Engineering","url":"https:\/\/www.metravib-engineering.com\/fr\/","logo":{"@type":"ImageObject","inLanguage":"fr-FR","@id":"https:\/\/www.metravib-engineering.com\/fr\/#\/schema\/logo\/image\/","url":"https:\/\/www.metravib-engineering.com\/wp-content\/uploads\/sites\/6\/2023\/10\/MVB-ENG-Logo-2.svg","contentUrl":"https:\/\/www.metravib-engineering.com\/wp-content\/uploads\/sites\/6\/2023\/10\/MVB-ENG-Logo-2.svg","width":300,"height":74,"caption":"Metravib Engineering"},"image":{"@id":"https:\/\/www.metravib-engineering.com\/fr\/#\/schema\/logo\/image\/"},"sameAs":["https:\/\/www.facebook.com\/METRAVIB\/","https:\/\/x.com\/metravib_acoem"]}]}},"_links":{"self":[{"href":"https:\/\/www.metravib-engineering.com\/fr\/wp-json\/wp\/v2\/pages\/37","targetHints":{"allow":["GET"]}}],"collection":[{"href":"https:\/\/www.metravib-engineering.com\/fr\/wp-json\/wp\/v2\/pages"}],"about":[{"href":"https:\/\/www.metravib-engineering.com\/fr\/wp-json\/wp\/v2\/types\/page"}],"author":[{"embeddable":true,"href":"https:\/\/www.metravib-engineering.com\/fr\/wp-json\/wp\/v2\/users\/2"}],"replies":[{"embeddable":true,"href":"https:\/\/www.metravib-engineering.com\/fr\/wp-json\/wp\/v2\/comments?post=37"}],"version-history":[{"count":21,"href":"https:\/\/www.metravib-engineering.com\/fr\/wp-json\/wp\/v2\/pages\/37\/revisions"}],"predecessor-version":[{"id":2433,"href":"https:\/\/www.metravib-engineering.com\/fr\/wp-json\/wp\/v2\/pages\/37\/revisions\/2433"}],"up":[{"embeddable":true,"href":"https:\/\/www.metravib-engineering.com\/fr\/wp-json\/wp\/v2\/pages\/16"}],"wp:attachment":[{"href":"https:\/\/www.metravib-engineering.com\/fr\/wp-json\/wp\/v2\/media?parent=37"}],"curies":[{"name":"wp","href":"https:\/\/api.w.org\/{rel}","templated":true}]}}