{"id":2247,"date":"2025-09-25T14:44:51","date_gmt":"2025-09-25T14:44:51","guid":{"rendered":"https:\/\/www.metravib-engineering.com\/?page_id=2247"},"modified":"2026-03-06T14:34:57","modified_gmt":"2026-03-06T14:34:57","slug":"ia-acoustique-embarquee","status":"publish","type":"page","link":"https:\/\/www.metravib-engineering.com\/fr\/toutes-nos-innovations\/ia-acoustique-embarquee\/","title":{"rendered":"IA acoustique embarqu\u00e9e"},"content":{"rendered":"","protected":false},"excerpt":{"rendered":"","protected":false},"author":7,"featured_media":0,"parent":115,"menu_order":0,"comment_status":"closed","ping_status":"closed","template":"","meta":{"_acf_changed":false,"content-type":""},"class_list":["post-2247","page","type-page","status-publish","hentry"],"acf":[],"yoast_head":"<!-- This site is optimized with the Yoast SEO plugin v27.1.1 - https:\/\/yoast.com\/product\/yoast-seo-wordpress\/ -->\n<title>IA acoustique embarqu\u00e9e - Metravib Engineering<\/title>\n<meta name=\"description\" content=\"Metravib Engineering propose une IA acoustique embarqu\u00e9e pour la surveillance industrielle. Nos syst\u00e8mes intelligents d\u00e9tectent les \u00e9v\u00e9nements critiques en temps r\u00e9el, assurant la fiabilit\u00e9 op\u00e9rationnelle et r\u00e9duisant les co\u00fbts de maintenance.\" \/>\n<meta name=\"robots\" content=\"index, follow, max-snippet:-1, max-image-preview:large, max-video-preview:-1\" \/>\n<link rel=\"canonical\" href=\"https:\/\/www.metravib-engineering.com\/fr\/toutes-nos-innovations\/ia-acoustique-embarquee\/\" \/>\n<meta property=\"og:locale\" content=\"fr_FR\" \/>\n<meta property=\"og:type\" content=\"article\" \/>\n<meta property=\"og:title\" content=\"IA acoustique embarqu\u00e9e - Metravib Engineering\" \/>\n<meta property=\"og:description\" content=\"Metravib Engineering propose une IA acoustique embarqu\u00e9e pour la surveillance industrielle. Nos syst\u00e8mes intelligents d\u00e9tectent les \u00e9v\u00e9nements critiques en temps r\u00e9el, assurant la fiabilit\u00e9 op\u00e9rationnelle et r\u00e9duisant les co\u00fbts de maintenance.\" \/>\n<meta property=\"og:url\" content=\"https:\/\/www.metravib-engineering.com\/fr\/toutes-nos-innovations\/ia-acoustique-embarquee\/\" \/>\n<meta property=\"og:site_name\" content=\"Metravib Engineering\" \/>\n<meta property=\"article:publisher\" content=\"https:\/\/www.facebook.com\/METRAVIB\/\" \/>\n<meta property=\"article:modified_time\" content=\"2026-03-06T14:34:57+00:00\" \/>\n<meta name=\"twitter:card\" content=\"summary_large_image\" \/>\n<meta name=\"twitter:site\" content=\"@metravib_acoem\" \/>\n<script type=\"application\/ld+json\" class=\"yoast-schema-graph\">{\"@context\":\"https:\/\/schema.org\",\"@graph\":[{\"@type\":\"WebPage\",\"@id\":\"https:\/\/www.metravib-engineering.com\/fr\/toutes-nos-innovations\/ia-acoustique-embarquee\/\",\"url\":\"https:\/\/www.metravib-engineering.com\/fr\/toutes-nos-innovations\/ia-acoustique-embarquee\/\",\"name\":\"IA acoustique embarqu\u00e9e - Metravib Engineering\",\"isPartOf\":{\"@id\":\"https:\/\/www.metravib-engineering.com\/fr\/#website\"},\"datePublished\":\"2025-09-25T14:44:51+00:00\",\"dateModified\":\"2026-03-06T14:34:57+00:00\",\"description\":\"Metravib Engineering propose une IA acoustique embarqu\u00e9e pour la surveillance industrielle. Nos syst\u00e8mes intelligents d\u00e9tectent les \u00e9v\u00e9nements critiques en temps r\u00e9el, assurant la fiabilit\u00e9 op\u00e9rationnelle et r\u00e9duisant les co\u00fbts de maintenance.\",\"breadcrumb\":{\"@id\":\"https:\/\/www.metravib-engineering.com\/fr\/toutes-nos-innovations\/ia-acoustique-embarquee\/#breadcrumb\"},\"inLanguage\":\"fr-FR\",\"potentialAction\":[{\"@type\":\"ReadAction\",\"target\":[\"https:\/\/www.metravib-engineering.com\/fr\/toutes-nos-innovations\/ia-acoustique-embarquee\/\"]}]},{\"@type\":\"BreadcrumbList\",\"@id\":\"https:\/\/www.metravib-engineering.com\/fr\/toutes-nos-innovations\/ia-acoustique-embarquee\/#breadcrumb\",\"itemListElement\":[{\"@type\":\"ListItem\",\"position\":1,\"name\":\"Accueil\",\"item\":\"https:\/\/www.metravib-engineering.com\/fr\/\"},{\"@type\":\"ListItem\",\"position\":2,\"name\":\"Toutes nos innovations\",\"item\":\"https:\/\/www.metravib-engineering.com\/fr\/toutes-nos-innovations\/\"},{\"@type\":\"ListItem\",\"position\":3,\"name\":\"IA acoustique embarqu\u00e9e\"}]},{\"@type\":\"WebSite\",\"@id\":\"https:\/\/www.metravib-engineering.com\/fr\/#website\",\"url\":\"https:\/\/www.metravib-engineering.com\/fr\/\",\"name\":\"Metravib Engineering\",\"description\":\"Just another Les sites de ACOEM site\",\"publisher\":{\"@id\":\"https:\/\/www.metravib-engineering.com\/fr\/#organization\"},\"potentialAction\":[{\"@type\":\"SearchAction\",\"target\":{\"@type\":\"EntryPoint\",\"urlTemplate\":\"https:\/\/www.metravib-engineering.com\/fr\/?s={search_term_string}\"},\"query-input\":{\"@type\":\"PropertyValueSpecification\",\"valueRequired\":true,\"valueName\":\"search_term_string\"}}],\"inLanguage\":\"fr-FR\"},{\"@type\":\"Organization\",\"@id\":\"https:\/\/www.metravib-engineering.com\/fr\/#organization\",\"name\":\"Metravib Engineering\",\"url\":\"https:\/\/www.metravib-engineering.com\/fr\/\",\"logo\":{\"@type\":\"ImageObject\",\"inLanguage\":\"fr-FR\",\"@id\":\"https:\/\/www.metravib-engineering.com\/fr\/#\/schema\/logo\/image\/\",\"url\":\"https:\/\/www.metravib-engineering.com\/wp-content\/uploads\/sites\/6\/2023\/10\/MVB-ENG-Logo-2.svg\",\"contentUrl\":\"https:\/\/www.metravib-engineering.com\/wp-content\/uploads\/sites\/6\/2023\/10\/MVB-ENG-Logo-2.svg\",\"width\":300,\"height\":74,\"caption\":\"Metravib Engineering\"},\"image\":{\"@id\":\"https:\/\/www.metravib-engineering.com\/fr\/#\/schema\/logo\/image\/\"},\"sameAs\":[\"https:\/\/www.facebook.com\/METRAVIB\/\",\"https:\/\/x.com\/metravib_acoem\"]}]}<\/script>\n<!-- \/ Yoast SEO plugin. -->","yoast_head_json":{"title":"IA acoustique embarqu\u00e9e - Metravib Engineering","description":"Metravib Engineering propose une IA acoustique embarqu\u00e9e pour la surveillance industrielle. Nos syst\u00e8mes intelligents d\u00e9tectent les \u00e9v\u00e9nements critiques en temps r\u00e9el, assurant la fiabilit\u00e9 op\u00e9rationnelle et r\u00e9duisant les co\u00fbts de maintenance.","robots":{"index":"index","follow":"follow","max-snippet":"max-snippet:-1","max-image-preview":"max-image-preview:large","max-video-preview":"max-video-preview:-1"},"canonical":"https:\/\/www.metravib-engineering.com\/fr\/toutes-nos-innovations\/ia-acoustique-embarquee\/","og_locale":"fr_FR","og_type":"article","og_title":"IA acoustique embarqu\u00e9e - Metravib Engineering","og_description":"Metravib Engineering propose une IA acoustique embarqu\u00e9e pour la surveillance industrielle. Nos syst\u00e8mes intelligents d\u00e9tectent les \u00e9v\u00e9nements critiques en temps r\u00e9el, assurant la fiabilit\u00e9 op\u00e9rationnelle et r\u00e9duisant les co\u00fbts de maintenance.","og_url":"https:\/\/www.metravib-engineering.com\/fr\/toutes-nos-innovations\/ia-acoustique-embarquee\/","og_site_name":"Metravib Engineering","article_publisher":"https:\/\/www.facebook.com\/METRAVIB\/","article_modified_time":"2026-03-06T14:34:57+00:00","twitter_card":"summary_large_image","twitter_site":"@metravib_acoem","schema":{"@context":"https:\/\/schema.org","@graph":[{"@type":"WebPage","@id":"https:\/\/www.metravib-engineering.com\/fr\/toutes-nos-innovations\/ia-acoustique-embarquee\/","url":"https:\/\/www.metravib-engineering.com\/fr\/toutes-nos-innovations\/ia-acoustique-embarquee\/","name":"IA acoustique embarqu\u00e9e - Metravib Engineering","isPartOf":{"@id":"https:\/\/www.metravib-engineering.com\/fr\/#website"},"datePublished":"2025-09-25T14:44:51+00:00","dateModified":"2026-03-06T14:34:57+00:00","description":"Metravib Engineering propose une IA acoustique embarqu\u00e9e pour la surveillance industrielle. Nos syst\u00e8mes intelligents d\u00e9tectent les \u00e9v\u00e9nements critiques en temps r\u00e9el, assurant la fiabilit\u00e9 op\u00e9rationnelle et r\u00e9duisant les co\u00fbts de maintenance.","breadcrumb":{"@id":"https:\/\/www.metravib-engineering.com\/fr\/toutes-nos-innovations\/ia-acoustique-embarquee\/#breadcrumb"},"inLanguage":"fr-FR","potentialAction":[{"@type":"ReadAction","target":["https:\/\/www.metravib-engineering.com\/fr\/toutes-nos-innovations\/ia-acoustique-embarquee\/"]}]},{"@type":"BreadcrumbList","@id":"https:\/\/www.metravib-engineering.com\/fr\/toutes-nos-innovations\/ia-acoustique-embarquee\/#breadcrumb","itemListElement":[{"@type":"ListItem","position":1,"name":"Accueil","item":"https:\/\/www.metravib-engineering.com\/fr\/"},{"@type":"ListItem","position":2,"name":"Toutes nos innovations","item":"https:\/\/www.metravib-engineering.com\/fr\/toutes-nos-innovations\/"},{"@type":"ListItem","position":3,"name":"IA acoustique embarqu\u00e9e"}]},{"@type":"WebSite","@id":"https:\/\/www.metravib-engineering.com\/fr\/#website","url":"https:\/\/www.metravib-engineering.com\/fr\/","name":"Metravib Engineering","description":"Just another Les sites de ACOEM site","publisher":{"@id":"https:\/\/www.metravib-engineering.com\/fr\/#organization"},"potentialAction":[{"@type":"SearchAction","target":{"@type":"EntryPoint","urlTemplate":"https:\/\/www.metravib-engineering.com\/fr\/?s={search_term_string}"},"query-input":{"@type":"PropertyValueSpecification","valueRequired":true,"valueName":"search_term_string"}}],"inLanguage":"fr-FR"},{"@type":"Organization","@id":"https:\/\/www.metravib-engineering.com\/fr\/#organization","name":"Metravib Engineering","url":"https:\/\/www.metravib-engineering.com\/fr\/","logo":{"@type":"ImageObject","inLanguage":"fr-FR","@id":"https:\/\/www.metravib-engineering.com\/fr\/#\/schema\/logo\/image\/","url":"https:\/\/www.metravib-engineering.com\/wp-content\/uploads\/sites\/6\/2023\/10\/MVB-ENG-Logo-2.svg","contentUrl":"https:\/\/www.metravib-engineering.com\/wp-content\/uploads\/sites\/6\/2023\/10\/MVB-ENG-Logo-2.svg","width":300,"height":74,"caption":"Metravib Engineering"},"image":{"@id":"https:\/\/www.metravib-engineering.com\/fr\/#\/schema\/logo\/image\/"},"sameAs":["https:\/\/www.facebook.com\/METRAVIB\/","https:\/\/x.com\/metravib_acoem"]}]}},"_links":{"self":[{"href":"https:\/\/www.metravib-engineering.com\/fr\/wp-json\/wp\/v2\/pages\/2247","targetHints":{"allow":["GET"]}}],"collection":[{"href":"https:\/\/www.metravib-engineering.com\/fr\/wp-json\/wp\/v2\/pages"}],"about":[{"href":"https:\/\/www.metravib-engineering.com\/fr\/wp-json\/wp\/v2\/types\/page"}],"author":[{"embeddable":true,"href":"https:\/\/www.metravib-engineering.com\/fr\/wp-json\/wp\/v2\/users\/7"}],"replies":[{"embeddable":true,"href":"https:\/\/www.metravib-engineering.com\/fr\/wp-json\/wp\/v2\/comments?post=2247"}],"version-history":[{"count":12,"href":"https:\/\/www.metravib-engineering.com\/fr\/wp-json\/wp\/v2\/pages\/2247\/revisions"}],"predecessor-version":[{"id":2631,"href":"https:\/\/www.metravib-engineering.com\/fr\/wp-json\/wp\/v2\/pages\/2247\/revisions\/2631"}],"up":[{"embeddable":true,"href":"https:\/\/www.metravib-engineering.com\/fr\/wp-json\/wp\/v2\/pages\/115"}],"wp:attachment":[{"href":"https:\/\/www.metravib-engineering.com\/fr\/wp-json\/wp\/v2\/media?parent=2247"}],"curies":[{"name":"wp","href":"https:\/\/api.w.org\/{rel}","templated":true}]}}