{"id":2243,"date":"2025-09-25T14:45:44","date_gmt":"2025-09-25T14:45:44","guid":{"rendered":"https:\/\/www.metravib-engineering.com\/?page_id=2243"},"modified":"2026-03-10T09:16:09","modified_gmt":"2026-03-10T09:16:09","slug":"duree-de-vie-residuelle","status":"publish","type":"page","link":"https:\/\/www.metravib-engineering.com\/fr\/toutes-nos-innovations\/duree-de-vie-residuelle\/","title":{"rendered":"Dur\u00e9e de vie r\u00e9siduelle"},"content":{"rendered":"","protected":false},"excerpt":{"rendered":"","protected":false},"author":7,"featured_media":0,"parent":115,"menu_order":0,"comment_status":"closed","ping_status":"closed","template":"","meta":{"_acf_changed":false,"content-type":""},"class_list":["post-2243","page","type-page","status-publish","hentry"],"acf":[],"yoast_head":"<!-- This site is optimized with the Yoast SEO plugin v27.1.1 - https:\/\/yoast.com\/product\/yoast-seo-wordpress\/ -->\n<title>Dur\u00e9e de vie r\u00e9siduelle - Metravib Engineering<\/title>\n<meta name=\"description\" content=\"Optimisez la dur\u00e9e de vie de vos \u00e9quipements avec Metravib Engineering. Notre m\u00e9thode de surveillance en temps r\u00e9el de la fatigue m\u00e9canique estime la dur\u00e9e de vie r\u00e9siduelle pour pr\u00e9venir les d\u00e9faillances en service\" \/>\n<meta name=\"robots\" content=\"index, follow, max-snippet:-1, max-image-preview:large, max-video-preview:-1\" \/>\n<link rel=\"canonical\" href=\"https:\/\/www.metravib-engineering.com\/fr\/toutes-nos-innovations\/duree-de-vie-residuelle\/\" \/>\n<meta property=\"og:locale\" content=\"fr_FR\" \/>\n<meta property=\"og:type\" content=\"article\" \/>\n<meta property=\"og:title\" content=\"Dur\u00e9e de vie r\u00e9siduelle - Metravib Engineering\" \/>\n<meta property=\"og:description\" content=\"Optimisez la dur\u00e9e de vie de vos \u00e9quipements avec Metravib Engineering. Notre m\u00e9thode de surveillance en temps r\u00e9el de la fatigue m\u00e9canique estime la dur\u00e9e de vie r\u00e9siduelle pour pr\u00e9venir les d\u00e9faillances en service\" \/>\n<meta property=\"og:url\" content=\"https:\/\/www.metravib-engineering.com\/fr\/toutes-nos-innovations\/duree-de-vie-residuelle\/\" \/>\n<meta property=\"og:site_name\" content=\"Metravib Engineering\" \/>\n<meta property=\"article:publisher\" content=\"https:\/\/www.facebook.com\/METRAVIB\/\" \/>\n<meta property=\"article:modified_time\" content=\"2026-03-10T09:16:09+00:00\" \/>\n<meta name=\"twitter:card\" content=\"summary_large_image\" \/>\n<meta name=\"twitter:site\" content=\"@metravib_acoem\" \/>\n<script type=\"application\/ld+json\" class=\"yoast-schema-graph\">{\"@context\":\"https:\/\/schema.org\",\"@graph\":[{\"@type\":\"WebPage\",\"@id\":\"https:\/\/www.metravib-engineering.com\/fr\/toutes-nos-innovations\/duree-de-vie-residuelle\/\",\"url\":\"https:\/\/www.metravib-engineering.com\/fr\/toutes-nos-innovations\/duree-de-vie-residuelle\/\",\"name\":\"Dur\u00e9e de vie r\u00e9siduelle - Metravib Engineering\",\"isPartOf\":{\"@id\":\"https:\/\/www.metravib-engineering.com\/fr\/#website\"},\"datePublished\":\"2025-09-25T14:45:44+00:00\",\"dateModified\":\"2026-03-10T09:16:09+00:00\",\"description\":\"Optimisez la dur\u00e9e de vie de vos \u00e9quipements avec Metravib Engineering. Notre m\u00e9thode de surveillance en temps r\u00e9el de la fatigue m\u00e9canique estime la dur\u00e9e de vie r\u00e9siduelle pour pr\u00e9venir les d\u00e9faillances en service\",\"breadcrumb\":{\"@id\":\"https:\/\/www.metravib-engineering.com\/fr\/toutes-nos-innovations\/duree-de-vie-residuelle\/#breadcrumb\"},\"inLanguage\":\"fr-FR\",\"potentialAction\":[{\"@type\":\"ReadAction\",\"target\":[\"https:\/\/www.metravib-engineering.com\/fr\/toutes-nos-innovations\/duree-de-vie-residuelle\/\"]}]},{\"@type\":\"BreadcrumbList\",\"@id\":\"https:\/\/www.metravib-engineering.com\/fr\/toutes-nos-innovations\/duree-de-vie-residuelle\/#breadcrumb\",\"itemListElement\":[{\"@type\":\"ListItem\",\"position\":1,\"name\":\"Accueil\",\"item\":\"https:\/\/www.metravib-engineering.com\/fr\/\"},{\"@type\":\"ListItem\",\"position\":2,\"name\":\"Toutes nos innovations\",\"item\":\"https:\/\/www.metravib-engineering.com\/fr\/toutes-nos-innovations\/\"},{\"@type\":\"ListItem\",\"position\":3,\"name\":\"Dur\u00e9e de vie r\u00e9siduelle\"}]},{\"@type\":\"WebSite\",\"@id\":\"https:\/\/www.metravib-engineering.com\/fr\/#website\",\"url\":\"https:\/\/www.metravib-engineering.com\/fr\/\",\"name\":\"Metravib Engineering\",\"description\":\"Just another Les sites de ACOEM site\",\"publisher\":{\"@id\":\"https:\/\/www.metravib-engineering.com\/fr\/#organization\"},\"potentialAction\":[{\"@type\":\"SearchAction\",\"target\":{\"@type\":\"EntryPoint\",\"urlTemplate\":\"https:\/\/www.metravib-engineering.com\/fr\/?s={search_term_string}\"},\"query-input\":{\"@type\":\"PropertyValueSpecification\",\"valueRequired\":true,\"valueName\":\"search_term_string\"}}],\"inLanguage\":\"fr-FR\"},{\"@type\":\"Organization\",\"@id\":\"https:\/\/www.metravib-engineering.com\/fr\/#organization\",\"name\":\"Metravib Engineering\",\"url\":\"https:\/\/www.metravib-engineering.com\/fr\/\",\"logo\":{\"@type\":\"ImageObject\",\"inLanguage\":\"fr-FR\",\"@id\":\"https:\/\/www.metravib-engineering.com\/fr\/#\/schema\/logo\/image\/\",\"url\":\"https:\/\/www.metravib-engineering.com\/wp-content\/uploads\/sites\/6\/2023\/10\/MVB-ENG-Logo-2.svg\",\"contentUrl\":\"https:\/\/www.metravib-engineering.com\/wp-content\/uploads\/sites\/6\/2023\/10\/MVB-ENG-Logo-2.svg\",\"width\":300,\"height\":74,\"caption\":\"Metravib Engineering\"},\"image\":{\"@id\":\"https:\/\/www.metravib-engineering.com\/fr\/#\/schema\/logo\/image\/\"},\"sameAs\":[\"https:\/\/www.facebook.com\/METRAVIB\/\",\"https:\/\/x.com\/metravib_acoem\"]}]}<\/script>\n<!-- \/ Yoast SEO plugin. -->","yoast_head_json":{"title":"Dur\u00e9e de vie r\u00e9siduelle - Metravib Engineering","description":"Optimisez la dur\u00e9e de vie de vos \u00e9quipements avec Metravib Engineering. Notre m\u00e9thode de surveillance en temps r\u00e9el de la fatigue m\u00e9canique estime la dur\u00e9e de vie r\u00e9siduelle pour pr\u00e9venir les d\u00e9faillances en service","robots":{"index":"index","follow":"follow","max-snippet":"max-snippet:-1","max-image-preview":"max-image-preview:large","max-video-preview":"max-video-preview:-1"},"canonical":"https:\/\/www.metravib-engineering.com\/fr\/toutes-nos-innovations\/duree-de-vie-residuelle\/","og_locale":"fr_FR","og_type":"article","og_title":"Dur\u00e9e de vie r\u00e9siduelle - Metravib Engineering","og_description":"Optimisez la dur\u00e9e de vie de vos \u00e9quipements avec Metravib Engineering. Notre m\u00e9thode de surveillance en temps r\u00e9el de la fatigue m\u00e9canique estime la dur\u00e9e de vie r\u00e9siduelle pour pr\u00e9venir les d\u00e9faillances en service","og_url":"https:\/\/www.metravib-engineering.com\/fr\/toutes-nos-innovations\/duree-de-vie-residuelle\/","og_site_name":"Metravib Engineering","article_publisher":"https:\/\/www.facebook.com\/METRAVIB\/","article_modified_time":"2026-03-10T09:16:09+00:00","twitter_card":"summary_large_image","twitter_site":"@metravib_acoem","schema":{"@context":"https:\/\/schema.org","@graph":[{"@type":"WebPage","@id":"https:\/\/www.metravib-engineering.com\/fr\/toutes-nos-innovations\/duree-de-vie-residuelle\/","url":"https:\/\/www.metravib-engineering.com\/fr\/toutes-nos-innovations\/duree-de-vie-residuelle\/","name":"Dur\u00e9e de vie r\u00e9siduelle - Metravib Engineering","isPartOf":{"@id":"https:\/\/www.metravib-engineering.com\/fr\/#website"},"datePublished":"2025-09-25T14:45:44+00:00","dateModified":"2026-03-10T09:16:09+00:00","description":"Optimisez la dur\u00e9e de vie de vos \u00e9quipements avec Metravib Engineering. Notre m\u00e9thode de surveillance en temps r\u00e9el de la fatigue m\u00e9canique estime la dur\u00e9e de vie r\u00e9siduelle pour pr\u00e9venir les d\u00e9faillances en service","breadcrumb":{"@id":"https:\/\/www.metravib-engineering.com\/fr\/toutes-nos-innovations\/duree-de-vie-residuelle\/#breadcrumb"},"inLanguage":"fr-FR","potentialAction":[{"@type":"ReadAction","target":["https:\/\/www.metravib-engineering.com\/fr\/toutes-nos-innovations\/duree-de-vie-residuelle\/"]}]},{"@type":"BreadcrumbList","@id":"https:\/\/www.metravib-engineering.com\/fr\/toutes-nos-innovations\/duree-de-vie-residuelle\/#breadcrumb","itemListElement":[{"@type":"ListItem","position":1,"name":"Accueil","item":"https:\/\/www.metravib-engineering.com\/fr\/"},{"@type":"ListItem","position":2,"name":"Toutes nos innovations","item":"https:\/\/www.metravib-engineering.com\/fr\/toutes-nos-innovations\/"},{"@type":"ListItem","position":3,"name":"Dur\u00e9e de vie r\u00e9siduelle"}]},{"@type":"WebSite","@id":"https:\/\/www.metravib-engineering.com\/fr\/#website","url":"https:\/\/www.metravib-engineering.com\/fr\/","name":"Metravib Engineering","description":"Just another Les sites de ACOEM site","publisher":{"@id":"https:\/\/www.metravib-engineering.com\/fr\/#organization"},"potentialAction":[{"@type":"SearchAction","target":{"@type":"EntryPoint","urlTemplate":"https:\/\/www.metravib-engineering.com\/fr\/?s={search_term_string}"},"query-input":{"@type":"PropertyValueSpecification","valueRequired":true,"valueName":"search_term_string"}}],"inLanguage":"fr-FR"},{"@type":"Organization","@id":"https:\/\/www.metravib-engineering.com\/fr\/#organization","name":"Metravib Engineering","url":"https:\/\/www.metravib-engineering.com\/fr\/","logo":{"@type":"ImageObject","inLanguage":"fr-FR","@id":"https:\/\/www.metravib-engineering.com\/fr\/#\/schema\/logo\/image\/","url":"https:\/\/www.metravib-engineering.com\/wp-content\/uploads\/sites\/6\/2023\/10\/MVB-ENG-Logo-2.svg","contentUrl":"https:\/\/www.metravib-engineering.com\/wp-content\/uploads\/sites\/6\/2023\/10\/MVB-ENG-Logo-2.svg","width":300,"height":74,"caption":"Metravib Engineering"},"image":{"@id":"https:\/\/www.metravib-engineering.com\/fr\/#\/schema\/logo\/image\/"},"sameAs":["https:\/\/www.facebook.com\/METRAVIB\/","https:\/\/x.com\/metravib_acoem"]}]}},"_links":{"self":[{"href":"https:\/\/www.metravib-engineering.com\/fr\/wp-json\/wp\/v2\/pages\/2243","targetHints":{"allow":["GET"]}}],"collection":[{"href":"https:\/\/www.metravib-engineering.com\/fr\/wp-json\/wp\/v2\/pages"}],"about":[{"href":"https:\/\/www.metravib-engineering.com\/fr\/wp-json\/wp\/v2\/types\/page"}],"author":[{"embeddable":true,"href":"https:\/\/www.metravib-engineering.com\/fr\/wp-json\/wp\/v2\/users\/7"}],"replies":[{"embeddable":true,"href":"https:\/\/www.metravib-engineering.com\/fr\/wp-json\/wp\/v2\/comments?post=2243"}],"version-history":[{"count":8,"href":"https:\/\/www.metravib-engineering.com\/fr\/wp-json\/wp\/v2\/pages\/2243\/revisions"}],"predecessor-version":[{"id":2641,"href":"https:\/\/www.metravib-engineering.com\/fr\/wp-json\/wp\/v2\/pages\/2243\/revisions\/2641"}],"up":[{"embeddable":true,"href":"https:\/\/www.metravib-engineering.com\/fr\/wp-json\/wp\/v2\/pages\/115"}],"wp:attachment":[{"href":"https:\/\/www.metravib-engineering.com\/fr\/wp-json\/wp\/v2\/media?parent=2243"}],"curies":[{"name":"wp","href":"https:\/\/api.w.org\/{rel}","templated":true}]}}