{"id":1997,"date":"2024-03-22T15:36:57","date_gmt":"2024-03-22T15:36:57","guid":{"rendered":"https:\/\/www.metravib-engineering.com\/?page_id=1997"},"modified":"2024-03-25T10:39:59","modified_gmt":"2024-03-25T10:39:59","slug":"bureau-etude-acoustique-industrielle","status":"publish","type":"page","link":"https:\/\/www.metravib-engineering.com\/fr\/bureau-etude-acoustique-industrielle\/","title":{"rendered":"Bureau d\u2019\u00e9tude acoustique industrielle"},"content":{"rendered":"","protected":false},"excerpt":{"rendered":"","protected":false},"author":1,"featured_media":0,"parent":0,"menu_order":0,"comment_status":"closed","ping_status":"closed","template":"","meta":{"_acf_changed":false,"content-type":""},"class_list":["post-1997","page","type-page","status-publish","hentry"],"acf":[],"yoast_head":"<!-- This site is optimized with the Yoast SEO plugin v27.1.1 - https:\/\/yoast.com\/product\/yoast-seo-wordpress\/ -->\n<title>Bureau d\u2019\u00c9tude Acoustique Industrielle - Metravib Engineering<\/title>\n<meta name=\"description\" content=\"Am\u00e9liorez la performance acoustique de vos produits. Confiez-nous vos \u00e9tudes acoustiques.\" \/>\n<meta name=\"robots\" content=\"noindex, nofollow\" \/>\n<meta property=\"og:locale\" content=\"fr_FR\" \/>\n<meta property=\"og:type\" content=\"article\" \/>\n<meta property=\"og:title\" content=\"Bureau d\u2019\u00c9tude Acoustique Industrielle - Metravib Engineering\" \/>\n<meta property=\"og:description\" content=\"Am\u00e9liorez la performance acoustique de vos produits. Confiez-nous vos \u00e9tudes acoustiques.\" \/>\n<meta property=\"og:url\" content=\"https:\/\/www.metravib-engineering.com\/fr\/bureau-etude-acoustique-industrielle\/\" \/>\n<meta property=\"og:site_name\" content=\"Metravib Engineering\" \/>\n<meta property=\"article:publisher\" content=\"https:\/\/www.facebook.com\/METRAVIB\/\" \/>\n<meta property=\"article:modified_time\" content=\"2024-03-25T10:39:59+00:00\" \/>\n<meta name=\"twitter:card\" content=\"summary_large_image\" \/>\n<meta name=\"twitter:site\" content=\"@metravib_acoem\" \/>\n<script type=\"application\/ld+json\" class=\"yoast-schema-graph\">{\"@context\":\"https:\/\/schema.org\",\"@graph\":[{\"@type\":\"WebPage\",\"@id\":\"https:\/\/www.metravib-engineering.com\/fr\/bureau-etude-acoustique-industrielle\/\",\"url\":\"https:\/\/www.metravib-engineering.com\/fr\/bureau-etude-acoustique-industrielle\/\",\"name\":\"Bureau d\u2019\u00c9tude Acoustique Industrielle - Metravib Engineering\",\"isPartOf\":{\"@id\":\"https:\/\/www.metravib-engineering.com\/fr\/#website\"},\"datePublished\":\"2024-03-22T15:36:57+00:00\",\"dateModified\":\"2024-03-25T10:39:59+00:00\",\"description\":\"Am\u00e9liorez la performance acoustique de vos produits. Confiez-nous vos \u00e9tudes acoustiques.\",\"breadcrumb\":{\"@id\":\"https:\/\/www.metravib-engineering.com\/fr\/bureau-etude-acoustique-industrielle\/#breadcrumb\"},\"inLanguage\":\"fr-FR\",\"potentialAction\":[{\"@type\":\"ReadAction\",\"target\":[\"https:\/\/www.metravib-engineering.com\/fr\/bureau-etude-acoustique-industrielle\/\"]}]},{\"@type\":\"BreadcrumbList\",\"@id\":\"https:\/\/www.metravib-engineering.com\/fr\/bureau-etude-acoustique-industrielle\/#breadcrumb\",\"itemListElement\":[{\"@type\":\"ListItem\",\"position\":1,\"name\":\"Accueil\",\"item\":\"https:\/\/www.metravib-engineering.com\/fr\/\"},{\"@type\":\"ListItem\",\"position\":2,\"name\":\"Bureau d\u2019\u00e9tude acoustique industrielle\"}]},{\"@type\":\"WebSite\",\"@id\":\"https:\/\/www.metravib-engineering.com\/fr\/#website\",\"url\":\"https:\/\/www.metravib-engineering.com\/fr\/\",\"name\":\"Metravib Engineering\",\"description\":\"Just another Les sites de ACOEM site\",\"publisher\":{\"@id\":\"https:\/\/www.metravib-engineering.com\/fr\/#organization\"},\"potentialAction\":[{\"@type\":\"SearchAction\",\"target\":{\"@type\":\"EntryPoint\",\"urlTemplate\":\"https:\/\/www.metravib-engineering.com\/fr\/?s={search_term_string}\"},\"query-input\":{\"@type\":\"PropertyValueSpecification\",\"valueRequired\":true,\"valueName\":\"search_term_string\"}}],\"inLanguage\":\"fr-FR\"},{\"@type\":\"Organization\",\"@id\":\"https:\/\/www.metravib-engineering.com\/fr\/#organization\",\"name\":\"Metravib Engineering\",\"url\":\"https:\/\/www.metravib-engineering.com\/fr\/\",\"logo\":{\"@type\":\"ImageObject\",\"inLanguage\":\"fr-FR\",\"@id\":\"https:\/\/www.metravib-engineering.com\/fr\/#\/schema\/logo\/image\/\",\"url\":\"https:\/\/www.metravib-engineering.com\/wp-content\/uploads\/sites\/6\/2023\/10\/MVB-ENG-Logo-2.svg\",\"contentUrl\":\"https:\/\/www.metravib-engineering.com\/wp-content\/uploads\/sites\/6\/2023\/10\/MVB-ENG-Logo-2.svg\",\"width\":300,\"height\":74,\"caption\":\"Metravib Engineering\"},\"image\":{\"@id\":\"https:\/\/www.metravib-engineering.com\/fr\/#\/schema\/logo\/image\/\"},\"sameAs\":[\"https:\/\/www.facebook.com\/METRAVIB\/\",\"https:\/\/x.com\/metravib_acoem\"]}]}<\/script>\n<!-- \/ Yoast SEO plugin. -->","yoast_head_json":{"title":"Bureau d\u2019\u00c9tude Acoustique Industrielle - Metravib Engineering","description":"Am\u00e9liorez la performance acoustique de vos produits. Confiez-nous vos \u00e9tudes acoustiques.","robots":{"index":"noindex","follow":"nofollow"},"og_locale":"fr_FR","og_type":"article","og_title":"Bureau d\u2019\u00c9tude Acoustique Industrielle - Metravib Engineering","og_description":"Am\u00e9liorez la performance acoustique de vos produits. Confiez-nous vos \u00e9tudes acoustiques.","og_url":"https:\/\/www.metravib-engineering.com\/fr\/bureau-etude-acoustique-industrielle\/","og_site_name":"Metravib Engineering","article_publisher":"https:\/\/www.facebook.com\/METRAVIB\/","article_modified_time":"2024-03-25T10:39:59+00:00","twitter_card":"summary_large_image","twitter_site":"@metravib_acoem","schema":{"@context":"https:\/\/schema.org","@graph":[{"@type":"WebPage","@id":"https:\/\/www.metravib-engineering.com\/fr\/bureau-etude-acoustique-industrielle\/","url":"https:\/\/www.metravib-engineering.com\/fr\/bureau-etude-acoustique-industrielle\/","name":"Bureau d\u2019\u00c9tude Acoustique Industrielle - Metravib Engineering","isPartOf":{"@id":"https:\/\/www.metravib-engineering.com\/fr\/#website"},"datePublished":"2024-03-22T15:36:57+00:00","dateModified":"2024-03-25T10:39:59+00:00","description":"Am\u00e9liorez la performance acoustique de vos produits. Confiez-nous vos \u00e9tudes acoustiques.","breadcrumb":{"@id":"https:\/\/www.metravib-engineering.com\/fr\/bureau-etude-acoustique-industrielle\/#breadcrumb"},"inLanguage":"fr-FR","potentialAction":[{"@type":"ReadAction","target":["https:\/\/www.metravib-engineering.com\/fr\/bureau-etude-acoustique-industrielle\/"]}]},{"@type":"BreadcrumbList","@id":"https:\/\/www.metravib-engineering.com\/fr\/bureau-etude-acoustique-industrielle\/#breadcrumb","itemListElement":[{"@type":"ListItem","position":1,"name":"Accueil","item":"https:\/\/www.metravib-engineering.com\/fr\/"},{"@type":"ListItem","position":2,"name":"Bureau d\u2019\u00e9tude acoustique industrielle"}]},{"@type":"WebSite","@id":"https:\/\/www.metravib-engineering.com\/fr\/#website","url":"https:\/\/www.metravib-engineering.com\/fr\/","name":"Metravib Engineering","description":"Just another Les sites de ACOEM site","publisher":{"@id":"https:\/\/www.metravib-engineering.com\/fr\/#organization"},"potentialAction":[{"@type":"SearchAction","target":{"@type":"EntryPoint","urlTemplate":"https:\/\/www.metravib-engineering.com\/fr\/?s={search_term_string}"},"query-input":{"@type":"PropertyValueSpecification","valueRequired":true,"valueName":"search_term_string"}}],"inLanguage":"fr-FR"},{"@type":"Organization","@id":"https:\/\/www.metravib-engineering.com\/fr\/#organization","name":"Metravib Engineering","url":"https:\/\/www.metravib-engineering.com\/fr\/","logo":{"@type":"ImageObject","inLanguage":"fr-FR","@id":"https:\/\/www.metravib-engineering.com\/fr\/#\/schema\/logo\/image\/","url":"https:\/\/www.metravib-engineering.com\/wp-content\/uploads\/sites\/6\/2023\/10\/MVB-ENG-Logo-2.svg","contentUrl":"https:\/\/www.metravib-engineering.com\/wp-content\/uploads\/sites\/6\/2023\/10\/MVB-ENG-Logo-2.svg","width":300,"height":74,"caption":"Metravib Engineering"},"image":{"@id":"https:\/\/www.metravib-engineering.com\/fr\/#\/schema\/logo\/image\/"},"sameAs":["https:\/\/www.facebook.com\/METRAVIB\/","https:\/\/x.com\/metravib_acoem"]}]}},"_links":{"self":[{"href":"https:\/\/www.metravib-engineering.com\/fr\/wp-json\/wp\/v2\/pages\/1997","targetHints":{"allow":["GET"]}}],"collection":[{"href":"https:\/\/www.metravib-engineering.com\/fr\/wp-json\/wp\/v2\/pages"}],"about":[{"href":"https:\/\/www.metravib-engineering.com\/fr\/wp-json\/wp\/v2\/types\/page"}],"author":[{"embeddable":true,"href":"https:\/\/www.metravib-engineering.com\/fr\/wp-json\/wp\/v2\/users\/1"}],"replies":[{"embeddable":true,"href":"https:\/\/www.metravib-engineering.com\/fr\/wp-json\/wp\/v2\/comments?post=1997"}],"version-history":[{"count":3,"href":"https:\/\/www.metravib-engineering.com\/fr\/wp-json\/wp\/v2\/pages\/1997\/revisions"}],"predecessor-version":[{"id":2006,"href":"https:\/\/www.metravib-engineering.com\/fr\/wp-json\/wp\/v2\/pages\/1997\/revisions\/2006"}],"wp:attachment":[{"href":"https:\/\/www.metravib-engineering.com\/fr\/wp-json\/wp\/v2\/media?parent=1997"}],"curies":[{"name":"wp","href":"https:\/\/api.w.org\/{rel}","templated":true}]}}