{"id":1141,"date":"2023-01-13T13:33:47","date_gmt":"2023-01-13T13:33:47","guid":{"rendered":"https:\/\/www.metravib-engineering.com\/?page_id=1141"},"modified":"2025-02-11T16:27:23","modified_gmt":"2025-02-11T16:27:23","slug":"aerospatiale-et-defense","status":"publish","type":"page","link":"https:\/\/www.metravib-engineering.com\/fr\/ingenierie-design\/aerospatiale-et-defense\/","title":{"rendered":"A\u00e9rospatiale et d\u00e9fense"},"content":{"rendered":"","protected":false},"excerpt":{"rendered":"","protected":false},"author":2,"featured_media":0,"parent":1135,"menu_order":0,"comment_status":"closed","ping_status":"closed","template":"","meta":{"_acf_changed":false,"content-type":""},"class_list":["post-1141","page","type-page","status-publish","hentry"],"acf":[],"yoast_head":"<!-- This site is optimized with the Yoast SEO plugin v27.1.1 - https:\/\/yoast.com\/product\/yoast-seo-wordpress\/ -->\n<title>A\u00e9rospatiale et d\u00e9fense - Metravib Engineering<\/title>\n<meta name=\"description\" content=\"Metravib aide les acteurs majeurs de l&#039;a\u00e9rospatial et de la d\u00e9fense gr\u00e2ce \u00e0 une expertise in\u00e9gal\u00e9e en mati\u00e8re d&#039;ing\u00e9nierie et de d\u00e9veloppement de solutions : contr\u00f4le des vibrations, att\u00e9nuation des chocs, r\u00e9duction des \u00e9mission de bruit.\" \/>\n<meta name=\"robots\" content=\"index, follow, max-snippet:-1, max-image-preview:large, max-video-preview:-1\" \/>\n<link rel=\"canonical\" href=\"https:\/\/www.metravib-engineering.com\/fr\/ingenierie-design\/aerospatiale-et-defense\/\" \/>\n<meta property=\"og:locale\" content=\"fr_FR\" \/>\n<meta property=\"og:type\" content=\"article\" \/>\n<meta property=\"og:title\" content=\"A\u00e9rospatiale et d\u00e9fense - Metravib Engineering\" \/>\n<meta property=\"og:description\" content=\"Metravib aide les acteurs majeurs de l&#039;a\u00e9rospatial et de la d\u00e9fense gr\u00e2ce \u00e0 une expertise in\u00e9gal\u00e9e en mati\u00e8re d&#039;ing\u00e9nierie et de d\u00e9veloppement de solutions : contr\u00f4le des vibrations, att\u00e9nuation des chocs, r\u00e9duction des \u00e9mission de bruit.\" \/>\n<meta property=\"og:url\" content=\"https:\/\/www.metravib-engineering.com\/fr\/ingenierie-design\/aerospatiale-et-defense\/\" \/>\n<meta property=\"og:site_name\" content=\"Metravib Engineering\" \/>\n<meta property=\"article:publisher\" content=\"https:\/\/www.facebook.com\/METRAVIB\/\" \/>\n<meta property=\"article:modified_time\" content=\"2025-02-11T16:27:23+00:00\" \/>\n<meta name=\"twitter:card\" content=\"summary_large_image\" \/>\n<meta name=\"twitter:site\" content=\"@metravib_acoem\" \/>\n<script type=\"application\/ld+json\" class=\"yoast-schema-graph\">{\"@context\":\"https:\/\/schema.org\",\"@graph\":[{\"@type\":\"WebPage\",\"@id\":\"https:\/\/www.metravib-engineering.com\/fr\/ingenierie-design\/aerospatiale-et-defense\/\",\"url\":\"https:\/\/www.metravib-engineering.com\/fr\/ingenierie-design\/aerospatiale-et-defense\/\",\"name\":\"A\u00e9rospatiale et d\u00e9fense - Metravib Engineering\",\"isPartOf\":{\"@id\":\"https:\/\/www.metravib-engineering.com\/fr\/#website\"},\"datePublished\":\"2023-01-13T13:33:47+00:00\",\"dateModified\":\"2025-02-11T16:27:23+00:00\",\"description\":\"Metravib aide les acteurs majeurs de l'a\u00e9rospatial et de la d\u00e9fense gr\u00e2ce \u00e0 une expertise in\u00e9gal\u00e9e en mati\u00e8re d'ing\u00e9nierie et de d\u00e9veloppement de solutions : contr\u00f4le des vibrations, att\u00e9nuation des chocs, r\u00e9duction des \u00e9mission de bruit.\",\"breadcrumb\":{\"@id\":\"https:\/\/www.metravib-engineering.com\/fr\/ingenierie-design\/aerospatiale-et-defense\/#breadcrumb\"},\"inLanguage\":\"fr-FR\",\"potentialAction\":[{\"@type\":\"ReadAction\",\"target\":[\"https:\/\/www.metravib-engineering.com\/fr\/ingenierie-design\/aerospatiale-et-defense\/\"]}]},{\"@type\":\"BreadcrumbList\",\"@id\":\"https:\/\/www.metravib-engineering.com\/fr\/ingenierie-design\/aerospatiale-et-defense\/#breadcrumb\",\"itemListElement\":[{\"@type\":\"ListItem\",\"position\":1,\"name\":\"Accueil\",\"item\":\"https:\/\/www.metravib-engineering.com\/fr\/\"},{\"@type\":\"ListItem\",\"position\":2,\"name\":\"Ing\u00e9nierie \/ Design\",\"item\":\"https:\/\/www.metravib-engineering.com\/fr\/ingenierie-design\/\"},{\"@type\":\"ListItem\",\"position\":3,\"name\":\"A\u00e9rospatiale et d\u00e9fense\"}]},{\"@type\":\"WebSite\",\"@id\":\"https:\/\/www.metravib-engineering.com\/fr\/#website\",\"url\":\"https:\/\/www.metravib-engineering.com\/fr\/\",\"name\":\"Metravib Engineering\",\"description\":\"Just another Les sites de ACOEM site\",\"publisher\":{\"@id\":\"https:\/\/www.metravib-engineering.com\/fr\/#organization\"},\"potentialAction\":[{\"@type\":\"SearchAction\",\"target\":{\"@type\":\"EntryPoint\",\"urlTemplate\":\"https:\/\/www.metravib-engineering.com\/fr\/?s={search_term_string}\"},\"query-input\":{\"@type\":\"PropertyValueSpecification\",\"valueRequired\":true,\"valueName\":\"search_term_string\"}}],\"inLanguage\":\"fr-FR\"},{\"@type\":\"Organization\",\"@id\":\"https:\/\/www.metravib-engineering.com\/fr\/#organization\",\"name\":\"Metravib Engineering\",\"url\":\"https:\/\/www.metravib-engineering.com\/fr\/\",\"logo\":{\"@type\":\"ImageObject\",\"inLanguage\":\"fr-FR\",\"@id\":\"https:\/\/www.metravib-engineering.com\/fr\/#\/schema\/logo\/image\/\",\"url\":\"https:\/\/www.metravib-engineering.com\/wp-content\/uploads\/sites\/6\/2023\/10\/MVB-ENG-Logo-2.svg\",\"contentUrl\":\"https:\/\/www.metravib-engineering.com\/wp-content\/uploads\/sites\/6\/2023\/10\/MVB-ENG-Logo-2.svg\",\"width\":300,\"height\":74,\"caption\":\"Metravib Engineering\"},\"image\":{\"@id\":\"https:\/\/www.metravib-engineering.com\/fr\/#\/schema\/logo\/image\/\"},\"sameAs\":[\"https:\/\/www.facebook.com\/METRAVIB\/\",\"https:\/\/x.com\/metravib_acoem\"]}]}<\/script>\n<!-- \/ Yoast SEO plugin. -->","yoast_head_json":{"title":"A\u00e9rospatiale et d\u00e9fense - Metravib Engineering","description":"Metravib aide les acteurs majeurs de l'a\u00e9rospatial et de la d\u00e9fense gr\u00e2ce \u00e0 une expertise in\u00e9gal\u00e9e en mati\u00e8re d'ing\u00e9nierie et de d\u00e9veloppement de solutions : contr\u00f4le des vibrations, att\u00e9nuation des chocs, r\u00e9duction des \u00e9mission de bruit.","robots":{"index":"index","follow":"follow","max-snippet":"max-snippet:-1","max-image-preview":"max-image-preview:large","max-video-preview":"max-video-preview:-1"},"canonical":"https:\/\/www.metravib-engineering.com\/fr\/ingenierie-design\/aerospatiale-et-defense\/","og_locale":"fr_FR","og_type":"article","og_title":"A\u00e9rospatiale et d\u00e9fense - Metravib Engineering","og_description":"Metravib aide les acteurs majeurs de l'a\u00e9rospatial et de la d\u00e9fense gr\u00e2ce \u00e0 une expertise in\u00e9gal\u00e9e en mati\u00e8re d'ing\u00e9nierie et de d\u00e9veloppement de solutions : contr\u00f4le des vibrations, att\u00e9nuation des chocs, r\u00e9duction des \u00e9mission de bruit.","og_url":"https:\/\/www.metravib-engineering.com\/fr\/ingenierie-design\/aerospatiale-et-defense\/","og_site_name":"Metravib Engineering","article_publisher":"https:\/\/www.facebook.com\/METRAVIB\/","article_modified_time":"2025-02-11T16:27:23+00:00","twitter_card":"summary_large_image","twitter_site":"@metravib_acoem","schema":{"@context":"https:\/\/schema.org","@graph":[{"@type":"WebPage","@id":"https:\/\/www.metravib-engineering.com\/fr\/ingenierie-design\/aerospatiale-et-defense\/","url":"https:\/\/www.metravib-engineering.com\/fr\/ingenierie-design\/aerospatiale-et-defense\/","name":"A\u00e9rospatiale et d\u00e9fense - Metravib Engineering","isPartOf":{"@id":"https:\/\/www.metravib-engineering.com\/fr\/#website"},"datePublished":"2023-01-13T13:33:47+00:00","dateModified":"2025-02-11T16:27:23+00:00","description":"Metravib aide les acteurs majeurs de l'a\u00e9rospatial et de la d\u00e9fense gr\u00e2ce \u00e0 une expertise in\u00e9gal\u00e9e en mati\u00e8re d'ing\u00e9nierie et de d\u00e9veloppement de solutions : contr\u00f4le des vibrations, att\u00e9nuation des chocs, r\u00e9duction des \u00e9mission de bruit.","breadcrumb":{"@id":"https:\/\/www.metravib-engineering.com\/fr\/ingenierie-design\/aerospatiale-et-defense\/#breadcrumb"},"inLanguage":"fr-FR","potentialAction":[{"@type":"ReadAction","target":["https:\/\/www.metravib-engineering.com\/fr\/ingenierie-design\/aerospatiale-et-defense\/"]}]},{"@type":"BreadcrumbList","@id":"https:\/\/www.metravib-engineering.com\/fr\/ingenierie-design\/aerospatiale-et-defense\/#breadcrumb","itemListElement":[{"@type":"ListItem","position":1,"name":"Accueil","item":"https:\/\/www.metravib-engineering.com\/fr\/"},{"@type":"ListItem","position":2,"name":"Ing\u00e9nierie \/ Design","item":"https:\/\/www.metravib-engineering.com\/fr\/ingenierie-design\/"},{"@type":"ListItem","position":3,"name":"A\u00e9rospatiale et d\u00e9fense"}]},{"@type":"WebSite","@id":"https:\/\/www.metravib-engineering.com\/fr\/#website","url":"https:\/\/www.metravib-engineering.com\/fr\/","name":"Metravib Engineering","description":"Just another Les sites de ACOEM site","publisher":{"@id":"https:\/\/www.metravib-engineering.com\/fr\/#organization"},"potentialAction":[{"@type":"SearchAction","target":{"@type":"EntryPoint","urlTemplate":"https:\/\/www.metravib-engineering.com\/fr\/?s={search_term_string}"},"query-input":{"@type":"PropertyValueSpecification","valueRequired":true,"valueName":"search_term_string"}}],"inLanguage":"fr-FR"},{"@type":"Organization","@id":"https:\/\/www.metravib-engineering.com\/fr\/#organization","name":"Metravib Engineering","url":"https:\/\/www.metravib-engineering.com\/fr\/","logo":{"@type":"ImageObject","inLanguage":"fr-FR","@id":"https:\/\/www.metravib-engineering.com\/fr\/#\/schema\/logo\/image\/","url":"https:\/\/www.metravib-engineering.com\/wp-content\/uploads\/sites\/6\/2023\/10\/MVB-ENG-Logo-2.svg","contentUrl":"https:\/\/www.metravib-engineering.com\/wp-content\/uploads\/sites\/6\/2023\/10\/MVB-ENG-Logo-2.svg","width":300,"height":74,"caption":"Metravib Engineering"},"image":{"@id":"https:\/\/www.metravib-engineering.com\/fr\/#\/schema\/logo\/image\/"},"sameAs":["https:\/\/www.facebook.com\/METRAVIB\/","https:\/\/x.com\/metravib_acoem"]}]}},"_links":{"self":[{"href":"https:\/\/www.metravib-engineering.com\/fr\/wp-json\/wp\/v2\/pages\/1141","targetHints":{"allow":["GET"]}}],"collection":[{"href":"https:\/\/www.metravib-engineering.com\/fr\/wp-json\/wp\/v2\/pages"}],"about":[{"href":"https:\/\/www.metravib-engineering.com\/fr\/wp-json\/wp\/v2\/types\/page"}],"author":[{"embeddable":true,"href":"https:\/\/www.metravib-engineering.com\/fr\/wp-json\/wp\/v2\/users\/2"}],"replies":[{"embeddable":true,"href":"https:\/\/www.metravib-engineering.com\/fr\/wp-json\/wp\/v2\/comments?post=1141"}],"version-history":[{"count":12,"href":"https:\/\/www.metravib-engineering.com\/fr\/wp-json\/wp\/v2\/pages\/1141\/revisions"}],"predecessor-version":[{"id":2156,"href":"https:\/\/www.metravib-engineering.com\/fr\/wp-json\/wp\/v2\/pages\/1141\/revisions\/2156"}],"up":[{"embeddable":true,"href":"https:\/\/www.metravib-engineering.com\/fr\/wp-json\/wp\/v2\/pages\/1135"}],"wp:attachment":[{"href":"https:\/\/www.metravib-engineering.com\/fr\/wp-json\/wp\/v2\/media?parent=1141"}],"curies":[{"name":"wp","href":"https:\/\/api.w.org\/{rel}","templated":true}]}}