{"id":102,"date":"2022-12-05T12:31:15","date_gmt":"2022-12-05T12:31:15","guid":{"rendered":"https:\/\/www.metravib-engineering.com\/?page_id=102"},"modified":"2025-02-11T16:31:32","modified_gmt":"2025-02-11T16:31:32","slug":"mobilites","status":"publish","type":"page","link":"https:\/\/www.metravib-engineering.com\/fr\/ingenierie-design\/mobilites\/","title":{"rendered":"Mobilit\u00e9s"},"content":{"rendered":"","protected":false},"excerpt":{"rendered":"","protected":false},"author":2,"featured_media":0,"parent":1135,"menu_order":0,"comment_status":"closed","ping_status":"closed","template":"","meta":{"_acf_changed":false,"content-type":""},"class_list":["post-102","page","type-page","status-publish","hentry"],"acf":[],"yoast_head":"<!-- This site is optimized with the Yoast SEO plugin v27.4 - https:\/\/yoast.com\/product\/yoast-seo-wordpress\/ -->\n<title>Mobilit\u00e9s - Metravib Engineering<\/title>\n<meta name=\"description\" content=\"R\u00e9pondez aux d\u00e9fis du secteur de la mobilit\u00e9 et g\u00e9rez les risques li\u00e9s au bruit et aux vibrations avec l&#039;\u00e9quipe d&#039;experts de Metravib et ses 30 ans d&#039;exp\u00e9rience dans le domaine.\" \/>\n<meta name=\"robots\" content=\"index, follow, max-snippet:-1, max-image-preview:large, max-video-preview:-1\" \/>\n<link rel=\"canonical\" href=\"https:\/\/www.metravib-engineering.com\/fr\/ingenierie-design\/mobilites\/\" \/>\n<meta property=\"og:locale\" content=\"fr_FR\" \/>\n<meta property=\"og:type\" content=\"article\" \/>\n<meta property=\"og:title\" content=\"Mobilit\u00e9s - Metravib Engineering\" \/>\n<meta property=\"og:description\" content=\"R\u00e9pondez aux d\u00e9fis du secteur de la mobilit\u00e9 et g\u00e9rez les risques li\u00e9s au bruit et aux vibrations avec l&#039;\u00e9quipe d&#039;experts de Metravib et ses 30 ans d&#039;exp\u00e9rience dans le domaine.\" \/>\n<meta property=\"og:url\" content=\"https:\/\/www.metravib-engineering.com\/fr\/ingenierie-design\/mobilites\/\" \/>\n<meta property=\"og:site_name\" content=\"Metravib Engineering\" \/>\n<meta property=\"article:publisher\" content=\"https:\/\/www.facebook.com\/METRAVIB\/\" \/>\n<meta property=\"article:modified_time\" content=\"2025-02-11T16:31:32+00:00\" \/>\n<meta name=\"twitter:card\" content=\"summary_large_image\" \/>\n<meta name=\"twitter:site\" content=\"@metravib_acoem\" \/>\n<script type=\"application\/ld+json\" class=\"yoast-schema-graph\">{\"@context\":\"https:\\\/\\\/schema.org\",\"@graph\":[{\"@type\":\"WebPage\",\"@id\":\"https:\\\/\\\/www.metravib-engineering.com\\\/fr\\\/ingenierie-design\\\/mobilites\\\/\",\"url\":\"https:\\\/\\\/www.metravib-engineering.com\\\/fr\\\/ingenierie-design\\\/mobilites\\\/\",\"name\":\"Mobilit\u00e9s - Metravib Engineering\",\"isPartOf\":{\"@id\":\"https:\\\/\\\/www.metravib-engineering.com\\\/fr\\\/#website\"},\"datePublished\":\"2022-12-05T12:31:15+00:00\",\"dateModified\":\"2025-02-11T16:31:32+00:00\",\"description\":\"R\u00e9pondez aux d\u00e9fis du secteur de la mobilit\u00e9 et g\u00e9rez les risques li\u00e9s au bruit et aux vibrations avec l'\u00e9quipe d'experts de Metravib et ses 30 ans d'exp\u00e9rience dans le domaine.\",\"breadcrumb\":{\"@id\":\"https:\\\/\\\/www.metravib-engineering.com\\\/fr\\\/ingenierie-design\\\/mobilites\\\/#breadcrumb\"},\"inLanguage\":\"fr-FR\",\"potentialAction\":[{\"@type\":\"ReadAction\",\"target\":[\"https:\\\/\\\/www.metravib-engineering.com\\\/fr\\\/ingenierie-design\\\/mobilites\\\/\"]}]},{\"@type\":\"BreadcrumbList\",\"@id\":\"https:\\\/\\\/www.metravib-engineering.com\\\/fr\\\/ingenierie-design\\\/mobilites\\\/#breadcrumb\",\"itemListElement\":[{\"@type\":\"ListItem\",\"position\":1,\"name\":\"Accueil\",\"item\":\"https:\\\/\\\/www.metravib-engineering.com\\\/fr\\\/\"},{\"@type\":\"ListItem\",\"position\":2,\"name\":\"Ing\u00e9nierie \\\/ Design\",\"item\":\"https:\\\/\\\/www.metravib-engineering.com\\\/fr\\\/ingenierie-design\\\/\"},{\"@type\":\"ListItem\",\"position\":3,\"name\":\"Mobilit\u00e9s\"}]},{\"@type\":\"WebSite\",\"@id\":\"https:\\\/\\\/www.metravib-engineering.com\\\/fr\\\/#website\",\"url\":\"https:\\\/\\\/www.metravib-engineering.com\\\/fr\\\/\",\"name\":\"Metravib Engineering\",\"description\":\"Just another Les sites de ACOEM site\",\"publisher\":{\"@id\":\"https:\\\/\\\/www.metravib-engineering.com\\\/fr\\\/#organization\"},\"potentialAction\":[{\"@type\":\"SearchAction\",\"target\":{\"@type\":\"EntryPoint\",\"urlTemplate\":\"https:\\\/\\\/www.metravib-engineering.com\\\/fr\\\/?s={search_term_string}\"},\"query-input\":{\"@type\":\"PropertyValueSpecification\",\"valueRequired\":true,\"valueName\":\"search_term_string\"}}],\"inLanguage\":\"fr-FR\"},{\"@type\":\"Organization\",\"@id\":\"https:\\\/\\\/www.metravib-engineering.com\\\/fr\\\/#organization\",\"name\":\"Metravib Engineering\",\"url\":\"https:\\\/\\\/www.metravib-engineering.com\\\/fr\\\/\",\"logo\":{\"@type\":\"ImageObject\",\"inLanguage\":\"fr-FR\",\"@id\":\"https:\\\/\\\/www.metravib-engineering.com\\\/fr\\\/#\\\/schema\\\/logo\\\/image\\\/\",\"url\":\"https:\\\/\\\/www.metravib-engineering.com\\\/wp-content\\\/uploads\\\/sites\\\/6\\\/2023\\\/10\\\/MVB-ENG-Logo-2.svg\",\"contentUrl\":\"https:\\\/\\\/www.metravib-engineering.com\\\/wp-content\\\/uploads\\\/sites\\\/6\\\/2023\\\/10\\\/MVB-ENG-Logo-2.svg\",\"width\":300,\"height\":74,\"caption\":\"Metravib Engineering\"},\"image\":{\"@id\":\"https:\\\/\\\/www.metravib-engineering.com\\\/fr\\\/#\\\/schema\\\/logo\\\/image\\\/\"},\"sameAs\":[\"https:\\\/\\\/www.facebook.com\\\/METRAVIB\\\/\",\"https:\\\/\\\/x.com\\\/metravib_acoem\"]}]}<\/script>\n<!-- \/ Yoast SEO plugin. -->","yoast_head_json":{"title":"Mobilit\u00e9s - Metravib Engineering","description":"R\u00e9pondez aux d\u00e9fis du secteur de la mobilit\u00e9 et g\u00e9rez les risques li\u00e9s au bruit et aux vibrations avec l'\u00e9quipe d'experts de Metravib et ses 30 ans d'exp\u00e9rience dans le domaine.","robots":{"index":"index","follow":"follow","max-snippet":"max-snippet:-1","max-image-preview":"max-image-preview:large","max-video-preview":"max-video-preview:-1"},"canonical":"https:\/\/www.metravib-engineering.com\/fr\/ingenierie-design\/mobilites\/","og_locale":"fr_FR","og_type":"article","og_title":"Mobilit\u00e9s - Metravib Engineering","og_description":"R\u00e9pondez aux d\u00e9fis du secteur de la mobilit\u00e9 et g\u00e9rez les risques li\u00e9s au bruit et aux vibrations avec l'\u00e9quipe d'experts de Metravib et ses 30 ans d'exp\u00e9rience dans le domaine.","og_url":"https:\/\/www.metravib-engineering.com\/fr\/ingenierie-design\/mobilites\/","og_site_name":"Metravib Engineering","article_publisher":"https:\/\/www.facebook.com\/METRAVIB\/","article_modified_time":"2025-02-11T16:31:32+00:00","twitter_card":"summary_large_image","twitter_site":"@metravib_acoem","schema":{"@context":"https:\/\/schema.org","@graph":[{"@type":"WebPage","@id":"https:\/\/www.metravib-engineering.com\/fr\/ingenierie-design\/mobilites\/","url":"https:\/\/www.metravib-engineering.com\/fr\/ingenierie-design\/mobilites\/","name":"Mobilit\u00e9s - Metravib Engineering","isPartOf":{"@id":"https:\/\/www.metravib-engineering.com\/fr\/#website"},"datePublished":"2022-12-05T12:31:15+00:00","dateModified":"2025-02-11T16:31:32+00:00","description":"R\u00e9pondez aux d\u00e9fis du secteur de la mobilit\u00e9 et g\u00e9rez les risques li\u00e9s au bruit et aux vibrations avec l'\u00e9quipe d'experts de Metravib et ses 30 ans d'exp\u00e9rience dans le domaine.","breadcrumb":{"@id":"https:\/\/www.metravib-engineering.com\/fr\/ingenierie-design\/mobilites\/#breadcrumb"},"inLanguage":"fr-FR","potentialAction":[{"@type":"ReadAction","target":["https:\/\/www.metravib-engineering.com\/fr\/ingenierie-design\/mobilites\/"]}]},{"@type":"BreadcrumbList","@id":"https:\/\/www.metravib-engineering.com\/fr\/ingenierie-design\/mobilites\/#breadcrumb","itemListElement":[{"@type":"ListItem","position":1,"name":"Accueil","item":"https:\/\/www.metravib-engineering.com\/fr\/"},{"@type":"ListItem","position":2,"name":"Ing\u00e9nierie \/ Design","item":"https:\/\/www.metravib-engineering.com\/fr\/ingenierie-design\/"},{"@type":"ListItem","position":3,"name":"Mobilit\u00e9s"}]},{"@type":"WebSite","@id":"https:\/\/www.metravib-engineering.com\/fr\/#website","url":"https:\/\/www.metravib-engineering.com\/fr\/","name":"Metravib Engineering","description":"Just another Les sites de ACOEM site","publisher":{"@id":"https:\/\/www.metravib-engineering.com\/fr\/#organization"},"potentialAction":[{"@type":"SearchAction","target":{"@type":"EntryPoint","urlTemplate":"https:\/\/www.metravib-engineering.com\/fr\/?s={search_term_string}"},"query-input":{"@type":"PropertyValueSpecification","valueRequired":true,"valueName":"search_term_string"}}],"inLanguage":"fr-FR"},{"@type":"Organization","@id":"https:\/\/www.metravib-engineering.com\/fr\/#organization","name":"Metravib Engineering","url":"https:\/\/www.metravib-engineering.com\/fr\/","logo":{"@type":"ImageObject","inLanguage":"fr-FR","@id":"https:\/\/www.metravib-engineering.com\/fr\/#\/schema\/logo\/image\/","url":"https:\/\/www.metravib-engineering.com\/wp-content\/uploads\/sites\/6\/2023\/10\/MVB-ENG-Logo-2.svg","contentUrl":"https:\/\/www.metravib-engineering.com\/wp-content\/uploads\/sites\/6\/2023\/10\/MVB-ENG-Logo-2.svg","width":300,"height":74,"caption":"Metravib Engineering"},"image":{"@id":"https:\/\/www.metravib-engineering.com\/fr\/#\/schema\/logo\/image\/"},"sameAs":["https:\/\/www.facebook.com\/METRAVIB\/","https:\/\/x.com\/metravib_acoem"]}]}},"_links":{"self":[{"href":"https:\/\/www.metravib-engineering.com\/fr\/wp-json\/wp\/v2\/pages\/102","targetHints":{"allow":["GET"]}}],"collection":[{"href":"https:\/\/www.metravib-engineering.com\/fr\/wp-json\/wp\/v2\/pages"}],"about":[{"href":"https:\/\/www.metravib-engineering.com\/fr\/wp-json\/wp\/v2\/types\/page"}],"author":[{"embeddable":true,"href":"https:\/\/www.metravib-engineering.com\/fr\/wp-json\/wp\/v2\/users\/2"}],"replies":[{"embeddable":true,"href":"https:\/\/www.metravib-engineering.com\/fr\/wp-json\/wp\/v2\/comments?post=102"}],"version-history":[{"count":19,"href":"https:\/\/www.metravib-engineering.com\/fr\/wp-json\/wp\/v2\/pages\/102\/revisions"}],"predecessor-version":[{"id":2160,"href":"https:\/\/www.metravib-engineering.com\/fr\/wp-json\/wp\/v2\/pages\/102\/revisions\/2160"}],"up":[{"embeddable":true,"href":"https:\/\/www.metravib-engineering.com\/fr\/wp-json\/wp\/v2\/pages\/1135"}],"wp:attachment":[{"href":"https:\/\/www.metravib-engineering.com\/fr\/wp-json\/wp\/v2\/media?parent=102"}],"curies":[{"name":"wp","href":"https:\/\/api.w.org\/{rel}","templated":true}]}}